{"id":89,"date":"2021-04-06T15:49:14","date_gmt":"2021-04-06T13:49:14","guid":{"rendered":"https:\/\/safejobbergen.wpengine.com\/?page_id=89"},"modified":"2021-05-12T14:44:37","modified_gmt":"2021-05-12T12:44:37","slug":"hms","status":"publish","type":"page","link":"https:\/\/www.safejob.no\/en\/bemanning\/hms\/","title":{"rendered":"HMS"},"content":{"rendered":"<div data-elementor-type=\"wp-page\" data-elementor-id=\"89\" class=\"elementor elementor-89\">\n\t\t\t\t\t\t\t\t\t<section class=\"elementor-section elementor-top-section elementor-element elementor-element-18b1001 elementor-section-height-min-height elementor-section-boxed elementor-section-height-default elementor-section-items-middle\" data-id=\"18b1001\" data-element_type=\"section\" data-settings=\"{&quot;background_background&quot;:&quot;classic&quot;}\">\n\t\t\t\t\t\t\t<div class=\"elementor-background-overlay\"><\/div>\n\t\t\t\t\t\t\t<div class=\"elementor-container elementor-column-gap-default\">\n\t\t\t\t\t<div class=\"elementor-column elementor-col-100 elementor-top-column elementor-element elementor-element-fc6b62a\" data-id=\"fc6b62a\" data-element_type=\"column\">\n\t\t\t<div class=\"elementor-widget-wrap elementor-element-populated\">\n\t\t\t\t\t\t\t\t<div class=\"elementor-element elementor-element-02fc7bc elementor-invisible elementor-widget elementor-widget-heading\" data-id=\"02fc7bc\" data-element_type=\"widget\" data-settings=\"{&quot;_animation&quot;:&quot;fadeInDown&quot;,&quot;_animation_delay&quot;:100}\" data-widget_type=\"heading.default\">\n\t\t\t\t<div class=\"elementor-widget-container\">\n\t\t\t<h1 class=\"elementor-heading-title elementor-size-default\">HMS<\/h1>\t\t<\/div>\n\t\t\t\t<\/div>\n\t\t\t\t<div class=\"elementor-element elementor-element-02884ff elementor-icon-list--layout-inline elementor-align-center elementor-list-item-link-full_width elementor-invisible elementor-widget elementor-widget-icon-list\" data-id=\"02884ff\" data-element_type=\"widget\" data-settings=\"{&quot;_animation&quot;:&quot;fadeInUp&quot;,&quot;_animation_delay&quot;:200}\" data-widget_type=\"icon-list.default\">\n\t\t\t\t<div class=\"elementor-widget-container\">\n\t\t\t\t\t<ul class=\"elementor-icon-list-items elementor-inline-items\">\n\t\t\t\t\t\t\t<li class=\"elementor-icon-list-item elementor-inline-item\">\n\t\t\t\t\t\t\t\t\t\t\t<a href=\"https:\/\/www.safejob.no\/en\">\n\n\t\t\t\t\t\t\t\t\t\t\t<span class=\"elementor-icon-list-text\">Hjem<\/span>\n\t\t\t\t\t\t\t\t\t\t\t<\/a>\n\t\t\t\t\t\t\t\t\t<\/li>\n\t\t\t\t\t\t\t\t<li class=\"elementor-icon-list-item elementor-inline-item\">\n\t\t\t\t\t\t\t\t\t\t<span class=\"elementor-icon-list-text\">\/<\/span>\n\t\t\t\t\t\t\t\t\t<\/li>\n\t\t\t\t\t\t\t\t<li class=\"elementor-icon-list-item elementor-inline-item\">\n\t\t\t\t\t\t\t\t\t\t<span class=\"elementor-icon-list-text\">HMS<\/span>\n\t\t\t\t\t\t\t\t\t<\/li>\n\t\t\t\t\t\t<\/ul>\n\t\t\t\t<\/div>\n\t\t\t\t<\/div>\n\t\t\t\t\t<\/div>\n\t\t<\/div>\n\t\t\t\t\t\t\t<\/div>\n\t\t<\/section>\n\t\t\t\t<section class=\"elementor-section elementor-top-section elementor-element elementor-element-049f576 elementor-section-boxed elementor-section-height-default elementor-section-height-default\" data-id=\"049f576\" data-element_type=\"section\">\n\t\t\t\t\t\t<div class=\"elementor-container elementor-column-gap-wider\">\n\t\t\t\t\t<div class=\"elementor-column elementor-col-50 elementor-top-column elementor-element elementor-element-caecb3f\" data-id=\"caecb3f\" data-element_type=\"column\">\n\t\t\t<div class=\"elementor-widget-wrap elementor-element-populated\">\n\t\t\t\t\t\t\t\t<div class=\"elementor-element elementor-element-eae0524 elementor-widget elementor-widget-heading\" data-id=\"eae0524\" data-element_type=\"widget\" data-widget_type=\"heading.default\">\n\t\t\t\t<div class=\"elementor-widget-container\">\n\t\t\t<h2 class=\"elementor-heading-title elementor-size-default\">HMS<\/h2>\t\t<\/div>\n\t\t\t\t<\/div>\n\t\t\t\t<div class=\"elementor-element elementor-element-f081dda elementor-widget elementor-widget-text-editor\" data-id=\"f081dda\" data-element_type=\"widget\" data-widget_type=\"text-editor.default\">\n\t\t\t\t<div class=\"elementor-widget-container\">\n\t\t\t\t\t\t\t<p>Sikkerheten til v\u00e5re og deres ansatte settes h\u00f8yt. Safejob driver derfor med kontinuerlig arbeid for \u00e5 v\u00e6re ledende p\u00e5 HMS innen bemanning.<\/p>\t\t\t\t\t\t<\/div>\n\t\t\t\t<\/div>\n\t\t\t\t<div class=\"elementor-element elementor-element-d148fd9 elementor-widget elementor-widget-text-editor\" data-id=\"d148fd9\" data-element_type=\"widget\" data-widget_type=\"text-editor.default\">\n\t\t\t\t<div class=\"elementor-widget-container\">\n\t\t\t\t\t\t\t<p>Ved innleie av arbeidskraft er innleier er \u00e5 anse som hovedbedrift med ansvar for samordning etter Aml. \u00a7 2 -2 og skal sikre et fullt forsvarlig arbeidsmilj\u00f8 ogs\u00e5 for innleide medarbeidere etter Aml. \u00a7 2-2 (1) b). Innleieren skal informere, l\u00e6re opp og kontrollere innleide medarbeidere p\u00e5 samme m\u00e5te som sine egne ansatte bl.a. om innleierens HMS-regler, at medarbeideren er omfattet av innleierens vernetjeneste og informasjon om hvem som er medarbeiderens lokale verneombud hos innleieren. Utleiers konsulent og verneombud skal ved behov gis adgang til innleiers virksomhet for kartlegging av arbeidsmilj\u00f8et og til \u00e5 kontakte innleierens vernetjeneste. N\u00e5r samordningen av arbeidstidsordninger er n\u00f8dvendig av sikkerhetsmessige grunner, er ogs\u00e5 dette innleierens ansvar.<\/p>\t\t\t\t\t\t<\/div>\n\t\t\t\t<\/div>\n\t\t\t\t<div class=\"elementor-element elementor-element-d13185e elementor-widget elementor-widget-heading\" data-id=\"d13185e\" data-element_type=\"widget\" data-widget_type=\"heading.default\">\n\t\t\t\t<div class=\"elementor-widget-container\">\n\t\t\t<h2 class=\"elementor-heading-title elementor-size-default\">P\u00e5 jakt etter arbeidskraft eller s\u00f8ker jobb? - Vi har inng\u00e5ende erfaring fra bransjen.<\/h2>\t\t<\/div>\n\t\t\t\t<\/div>\n\t\t\t\t\t<\/div>\n\t\t<\/div>\n\t\t\t\t<div class=\"elementor-column elementor-col-50 elementor-top-column elementor-element elementor-element-4d43251\" data-id=\"4d43251\" data-element_type=\"column\">\n\t\t\t<div class=\"elementor-widget-wrap elementor-element-populated\">\n\t\t\t\t\t\t\t\t<div class=\"elementor-element elementor-element-859d73f elementor-widget elementor-widget-text-editor\" data-id=\"859d73f\" data-element_type=\"widget\" data-widget_type=\"text-editor.default\">\n\t\t\t\t<div class=\"elementor-widget-container\">\n\t\t\t\t\t\t\t<p>Safejob jobber for \u00e5 v\u00e6re en trygg og forutsigbar samarbeidspartner for b\u00e5de kunde og ansatte. Ansatte fra Safejob er ved oppstart kurset etter de krav kunde har satt. V\u00e5re ansatte har ogs\u00e5 lest igjennom sikkerhetsinstruks for Safejob som de til enhver tid har tilgjengelig p\u00e5 v\u00e5r HMS plattform, og de sikkerhetsinstruks\/kurs som kunde \u00f8nsker.<\/p><p>Det er derfor viktig at dere som kunde gir tilbakemelding p\u00e5 spesielle behov til verneutstyr eller kurs\/sertifiseringer, slik at v\u00e5re ansatte kan m\u00f8te mest mulig forberedt n\u00e5r de m\u00f8ter p\u00e5 arbeidsplassen<\/p><p>Vi har eget verneombud som vil v\u00e6re st\u00f8ttende ved eventuelle problemer relatert til sikkerhet p\u00e5 arbeidsstedet. V\u00e5rt verneombud jobber ogs\u00e5 kontinuerlig med forbedringer vi kan gj\u00f8re i forhold til HMS.<br \/><br \/>Safejob har fokus p\u00e5 at v\u00e5re ansatte skal ha gode arbeidsvilk\u00e5r og trives hos oss. Vi tenker at trivsel blant de ansatte gj\u00f8r at vi kan levere engasjerte og dyktige medarbeidere. Derfor kan Safejob gi dere <b><i>Arbeidskraft n\u00e5r dere trenger det<\/i><\/b><\/p>\t\t\t\t\t\t<\/div>\n\t\t\t\t<\/div>\n\t\t\t\t<section class=\"elementor-section elementor-inner-section elementor-element elementor-element-b1c81d6 elementor-section-boxed elementor-section-height-default elementor-section-height-default\" data-id=\"b1c81d6\" data-element_type=\"section\">\n\t\t\t\t\t\t<div class=\"elementor-container elementor-column-gap-default\">\n\t\t\t\t\t<div class=\"elementor-column elementor-col-50 elementor-inner-column elementor-element elementor-element-944dcfe\" data-id=\"944dcfe\" data-element_type=\"column\">\n\t\t\t<div class=\"elementor-widget-wrap elementor-element-populated\">\n\t\t\t\t\t\t\t\t<div class=\"elementor-element elementor-element-4171e0c elementor-align-left elementor-mobile-align-justify elementor-tablet-align-justify elementor-invisible elementor-widget elementor-widget-button\" data-id=\"4171e0c\" data-element_type=\"widget\" data-settings=\"{&quot;_animation&quot;:&quot;fadeInUp&quot;,&quot;_animation_delay&quot;:150}\" data-widget_type=\"button.default\">\n\t\t\t\t<div class=\"elementor-widget-container\">\n\t\t\t\t\t<div class=\"elementor-button-wrapper\">\n\t\t\t<a class=\"elementor-button elementor-button-link elementor-size-md elementor-animation-hang\" href=\"https:\/\/www.recman.no\/hrm\/safejob\/register.php\" target=\"_blank\" rel=\"nofollow\">\n\t\t\t\t\t\t<span class=\"elementor-button-content-wrapper\">\n\t\t\t\t\t\t<span class=\"elementor-button-icon elementor-align-icon-right\">\n\t\t\t\t<i aria-hidden=\"true\" class=\"icon icon-right-arrow\"><\/i>\t\t\t<\/span>\n\t\t\t\t\t\t<span class=\"elementor-button-text\">Send oss din CV<\/span>\n\t\t<\/span>\n\t\t\t\t\t<\/a>\n\t\t<\/div>\n\t\t\t\t<\/div>\n\t\t\t\t<\/div>\n\t\t\t\t\t<\/div>\n\t\t<\/div>\n\t\t\t\t<div class=\"elementor-column elementor-col-50 elementor-inner-column elementor-element elementor-element-1ebfd59\" data-id=\"1ebfd59\" data-element_type=\"column\">\n\t\t\t<div class=\"elementor-widget-wrap elementor-element-populated\">\n\t\t\t\t\t\t\t\t<div class=\"elementor-element elementor-element-ded5ff0 elementor-align-left elementor-mobile-align-justify elementor-tablet-align-justify elementor-invisible elementor-widget elementor-widget-button\" data-id=\"ded5ff0\" data-element_type=\"widget\" data-settings=\"{&quot;_animation&quot;:&quot;fadeInUp&quot;,&quot;_animation_delay&quot;:150}\" data-widget_type=\"button.default\">\n\t\t\t\t<div class=\"elementor-widget-container\">\n\t\t\t\t\t<div class=\"elementor-button-wrapper\">\n\t\t\t<a class=\"elementor-button elementor-button-link elementor-size-md elementor-animation-hang\" href=\"https:\/\/www.safejob.no\/en\/kontakt\/\">\n\t\t\t\t\t\t<span class=\"elementor-button-content-wrapper\">\n\t\t\t\t\t\t<span class=\"elementor-button-icon elementor-align-icon-right\">\n\t\t\t\t<i aria-hidden=\"true\" class=\"icon icon-right-arrow\"><\/i>\t\t\t<\/span>\n\t\t\t\t\t\t<span class=\"elementor-button-text\">Contact us<\/span>\n\t\t<\/span>\n\t\t\t\t\t<\/a>\n\t\t<\/div>\n\t\t\t\t<\/div>\n\t\t\t\t<\/div>\n\t\t\t\t\t<\/div>\n\t\t<\/div>\n\t\t\t\t\t\t\t<\/div>\n\t\t<\/section>\n\t\t\t\t\t<\/div>\n\t\t<\/div>\n\t\t\t\t\t\t\t<\/div>\n\t\t<\/section>\n\t\t\t\t<section class=\"elementor-section elementor-top-section elementor-element elementor-element-e4b5d8a elementor-section-full_width elementor-reverse-mobile elementor-section-height-default elementor-section-height-default\" data-id=\"e4b5d8a\" data-element_type=\"section\">\n\t\t\t\t\t\t<div class=\"elementor-container elementor-column-gap-no\">\n\t\t\t\t\t<div class=\"elementor-column elementor-col-50 elementor-top-column elementor-element elementor-element-3be184f\" data-id=\"3be184f\" data-element_type=\"column\">\n\t\t\t<div class=\"elementor-widget-wrap elementor-element-populated\">\n\t\t\t\t\t\t\t\t<div class=\"elementor-element elementor-element-6bae076 elementor-widget elementor-widget-image\" data-id=\"6bae076\" data-element_type=\"widget\" data-widget_type=\"image.default\">\n\t\t\t\t<div class=\"elementor-widget-container\">\n\t\t\t\t\t\t\t\t\t\t\t\t\t\t\t<img decoding=\"async\" loading=\"lazy\" width=\"2560\" height=\"1707\" src=\"\/wp-content\/uploads\/2021\/04\/28-scaled-1.jpg\" class=\"attachment-full size-full wp-image-331\" alt=\"\" srcset=\"\/wp-content\/uploads\/2021\/04\/28-scaled-1.jpg 2560w, \/wp-content\/uploads\/2021\/04\/28-scaled-1-300x200.jpg 300w, \/wp-content\/uploads\/2021\/04\/28-scaled-1-1024x683.jpg 1024w, \/wp-content\/uploads\/2021\/04\/28-scaled-1-768x512.jpg 768w, \/wp-content\/uploads\/2021\/04\/28-scaled-1-1536x1024.jpg 1536w, \/wp-content\/uploads\/2021\/04\/28-scaled-1-2048x1366.jpg 2048w\" sizes=\"(max-width: 2560px) 100vw, 2560px\" \/>\t\t\t\t\t\t\t\t\t\t\t\t\t\t\t<\/div>\n\t\t\t\t<\/div>\n\t\t\t\t\t<\/div>\n\t\t<\/div>\n\t\t\t\t<div class=\"elementor-column elementor-col-50 elementor-top-column elementor-element elementor-element-30ce2ac\" data-id=\"30ce2ac\" data-element_type=\"column\">\n\t\t\t<div class=\"elementor-widget-wrap elementor-element-populated\">\n\t\t\t\t\t\t\t\t<div class=\"elementor-element elementor-element-9f94758 elementor-widget elementor-widget-image\" data-id=\"9f94758\" data-element_type=\"widget\" data-widget_type=\"image.default\">\n\t\t\t\t<div class=\"elementor-widget-container\">\n\t\t\t\t\t\t\t\t\t\t\t\t\t\t\t<img decoding=\"async\" src=\"https:\/\/safejob.no\/wp-content\/uploads\/2019\/02\/Kopi-av-05-scaled.jpg\" title=\"\" alt=\"\" loading=\"lazy\" \/>\t\t\t\t\t\t\t\t\t\t\t\t\t\t\t<\/div>\n\t\t\t\t<\/div>\n\t\t\t\t\t<\/div>\n\t\t<\/div>\n\t\t\t\t\t\t\t<\/div>\n\t\t<\/section>\n\t\t\t\t\t\t\t<\/div>","protected":false},"excerpt":{"rendered":"<p>Hjem \/ HMS HMS Sikkerheten til v\u00e5re og deres ansatte settes h\u00f8yt. Safejob driver derfor med kontinuerlig arbeid for \u00e5 v\u00e6re ledende p\u00e5 HMS innen bemanning. Ved innleie av arbeidskraft er innleier er \u00e5 anse som hovedbedrift med ansvar for samordning etter Aml. \u00a7 2 -2 og skal sikre et fullt forsvarlig arbeidsmilj\u00f8 ogs\u00e5 for &hellip;<\/p>\n<p class=\"read-more\"> <a class=\"\" href=\"https:\/\/www.safejob.no\/en\/bemanning\/hms\/\"> <span class=\"screen-reader-text\">HMS<\/span> Read More &raquo;<\/a><\/p>","protected":false},"author":11,"featured_media":0,"parent":83,"menu_order":0,"comment_status":"closed","ping_status":"closed","template":"","meta":{"site-sidebar-layout":"no-sidebar","site-content-layout":"page-builder","ast-site-content-layout":"","site-content-style":"default","site-sidebar-style":"default","ast-global-header-display":"","ast-banner-title-visibility":"","ast-main-header-display":"","ast-hfb-above-header-display":"","ast-hfb-below-header-display":"","ast-hfb-mobile-header-display":"","site-post-title":"disabled","ast-breadcrumbs-content":"","ast-featured-img":"disabled","footer-sml-layout":"","theme-transparent-header-meta":"default","adv-header-id-meta":"","stick-header-meta":"","header-above-stick-meta":"","header-main-stick-meta":"","header-below-stick-meta":"","astra-migrate-meta-layouts":"","footnotes":""},"_links":{"self":[{"href":"https:\/\/www.safejob.no\/en\/wp-json\/wp\/v2\/pages\/89"}],"collection":[{"href":"https:\/\/www.safejob.no\/en\/wp-json\/wp\/v2\/pages"}],"about":[{"href":"https:\/\/www.safejob.no\/en\/wp-json\/wp\/v2\/types\/page"}],"author":[{"embeddable":true,"href":"https:\/\/www.safejob.no\/en\/wp-json\/wp\/v2\/users\/11"}],"replies":[{"embeddable":true,"href":"https:\/\/www.safejob.no\/en\/wp-json\/wp\/v2\/comments?post=89"}],"version-history":[{"count":0,"href":"https:\/\/www.safejob.no\/en\/wp-json\/wp\/v2\/pages\/89\/revisions"}],"up":[{"embeddable":true,"href":"https:\/\/www.safejob.no\/en\/wp-json\/wp\/v2\/pages\/83"}],"wp:attachment":[{"href":"https:\/\/www.safejob.no\/en\/wp-json\/wp\/v2\/media?parent=89"}],"curies":[{"name":"wp","href":"https:\/\/api.w.org\/{rel}","templated":true}]}}