{"id":308,"date":"2021-04-14T11:51:30","date_gmt":"2021-04-14T09:51:30","guid":{"rendered":"https:\/\/safejobbergen.wpengine.com\/?page_id=308"},"modified":"2021-05-12T14:31:24","modified_gmt":"2021-05-12T12:31:24","slug":"tips-til-soknad","status":"publish","type":"page","link":"https:\/\/www.safejob.no\/en\/tips-til-soknad\/","title":{"rendered":"Tips til s\u00f8knad"},"content":{"rendered":"<div data-elementor-type=\"wp-page\" data-elementor-id=\"308\" class=\"elementor elementor-308\">\n\t\t\t\t\t\t\t\t\t<section class=\"elementor-section elementor-top-section elementor-element elementor-element-96cf792 elementor-section-height-min-height elementor-section-boxed elementor-section-height-default elementor-section-items-middle\" data-id=\"96cf792\" data-element_type=\"section\" data-settings=\"{&quot;background_background&quot;:&quot;classic&quot;}\">\n\t\t\t\t\t\t\t<div class=\"elementor-background-overlay\"><\/div>\n\t\t\t\t\t\t\t<div class=\"elementor-container elementor-column-gap-default\">\n\t\t\t\t\t<div class=\"elementor-column elementor-col-100 elementor-top-column elementor-element elementor-element-962d52e\" data-id=\"962d52e\" data-element_type=\"column\">\n\t\t\t<div class=\"elementor-widget-wrap elementor-element-populated\">\n\t\t\t\t\t\t\t\t<div class=\"elementor-element elementor-element-7b8372f elementor-invisible elementor-widget elementor-widget-heading\" data-id=\"7b8372f\" data-element_type=\"widget\" data-settings=\"{&quot;_animation&quot;:&quot;fadeInDown&quot;,&quot;_animation_delay&quot;:100}\" data-widget_type=\"heading.default\">\n\t\t\t\t<div class=\"elementor-widget-container\">\n\t\t\t<h1 class=\"elementor-heading-title elementor-size-default\">Tips til s\u00f8knad<\/h1>\t\t<\/div>\n\t\t\t\t<\/div>\n\t\t\t\t<div class=\"elementor-element elementor-element-92e46af elementor-icon-list--layout-inline elementor-align-center elementor-list-item-link-full_width elementor-invisible elementor-widget elementor-widget-icon-list\" data-id=\"92e46af\" data-element_type=\"widget\" data-settings=\"{&quot;_animation&quot;:&quot;fadeInUp&quot;,&quot;_animation_delay&quot;:200}\" data-widget_type=\"icon-list.default\">\n\t\t\t\t<div class=\"elementor-widget-container\">\n\t\t\t\t\t<ul class=\"elementor-icon-list-items elementor-inline-items\">\n\t\t\t\t\t\t\t<li class=\"elementor-icon-list-item elementor-inline-item\">\n\t\t\t\t\t\t\t\t\t\t\t<a href=\"https:\/\/www.safejob.no\/en\">\n\n\t\t\t\t\t\t\t\t\t\t\t<span class=\"elementor-icon-list-text\">Hjem<\/span>\n\t\t\t\t\t\t\t\t\t\t\t<\/a>\n\t\t\t\t\t\t\t\t\t<\/li>\n\t\t\t\t\t\t\t\t<li class=\"elementor-icon-list-item elementor-inline-item\">\n\t\t\t\t\t\t\t\t\t\t<span class=\"elementor-icon-list-text\">\/<\/span>\n\t\t\t\t\t\t\t\t\t<\/li>\n\t\t\t\t\t\t\t\t<li class=\"elementor-icon-list-item elementor-inline-item\">\n\t\t\t\t\t\t\t\t\t\t\t<a href=\"https:\/\/www.safejob.no\/en\/tips-til-soknad\/\">\n\n\t\t\t\t\t\t\t\t\t\t\t<span class=\"elementor-icon-list-text\">Tips til s\u00f8knad<\/span>\n\t\t\t\t\t\t\t\t\t\t\t<\/a>\n\t\t\t\t\t\t\t\t\t<\/li>\n\t\t\t\t\t\t<\/ul>\n\t\t\t\t<\/div>\n\t\t\t\t<\/div>\n\t\t\t\t\t<\/div>\n\t\t<\/div>\n\t\t\t\t\t\t\t<\/div>\n\t\t<\/section>\n\t\t\t\t<section class=\"elementor-section elementor-top-section elementor-element elementor-element-bce574e elementor-section-boxed elementor-section-height-default elementor-section-height-default\" data-id=\"bce574e\" data-element_type=\"section\">\n\t\t\t\t\t\t<div class=\"elementor-container elementor-column-gap-default\">\n\t\t\t\t\t<div class=\"elementor-column elementor-col-100 elementor-top-column elementor-element elementor-element-9f5f391\" data-id=\"9f5f391\" data-element_type=\"column\">\n\t\t\t<div class=\"elementor-widget-wrap elementor-element-populated\">\n\t\t\t\t\t\t\t\t<div class=\"elementor-element elementor-element-729daea elementor-widget elementor-widget-heading\" data-id=\"729daea\" data-element_type=\"widget\" data-widget_type=\"heading.default\">\n\t\t\t\t<div class=\"elementor-widget-container\">\n\t\t\t<h2 class=\"elementor-heading-title elementor-size-default\">Tips til s\u00f8knad<\/h2>\t\t<\/div>\n\t\t\t\t<\/div>\n\t\t\t\t<div class=\"elementor-element elementor-element-0f2781c elementor-widget elementor-widget-text-editor\" data-id=\"0f2781c\" data-element_type=\"widget\" data-widget_type=\"text-editor.default\">\n\t\t\t\t<div class=\"elementor-widget-container\">\n\t\t\t\t\t\t\t<p>Det l\u00f8nner seg \u00e5 bruke tid p\u00e5 \u00e5 lage en god s\u00f8knad. M\u00e5let med jobbs\u00f8knaden er \u00e5 bli innkalt til intervju. Jobbs\u00f8knaden er f\u00f8rsteinntrykket arbeidsgiveren f\u00e5r av deg, og arbeidsgiveren skal f\u00e5 lyst til \u00e5 m\u00f8te akkurat deg.<\/p>\t\t\t\t\t\t<\/div>\n\t\t\t\t<\/div>\n\t\t\t\t<div class=\"elementor-element elementor-element-796027b elementor-widget elementor-widget-alert\" data-id=\"796027b\" data-element_type=\"widget\" data-widget_type=\"alert.default\">\n\t\t\t\t<div class=\"elementor-widget-container\">\n\t\t\t\t\t<div class=\"elementor-alert elementor-alert-success\" role=\"alert\">\n\t\t\t<span class=\"elementor-alert-title\">Tips!<\/span>\n\t\t\t\t\t\t\t<span class=\"elementor-alert-description\">Du kan sende en jobbs\u00f8knad selv om arbeidsgiver ikke har lyst ut noen ledig jobb. <\/span>\n\t\t\t\t\t\t\t\t<\/div>\n\t\t\t\t<\/div>\n\t\t\t\t<\/div>\n\t\t\t\t<div class=\"elementor-element elementor-element-a2a35ef elementor-widget elementor-widget-text-editor\" data-id=\"a2a35ef\" data-element_type=\"widget\" data-widget_type=\"text-editor.default\">\n\t\t\t\t<div class=\"elementor-widget-container\">\n\t\t\t\t\t\t\t<p>S\u00f8knaden du skriver m\u00e5 v\u00e6re et direkte svar p\u00e5 stillingsannonsen. Les derfor teksten n\u00f8ye og se hva arbeidsgiveren sp\u00f8r etter. S\u00f8knaden din b\u00f8r vise hvorfor du s\u00f8ker og hvorfor nettopp du er rett person for jobben.<\/p>\t\t\t\t\t\t<\/div>\n\t\t\t\t<\/div>\n\t\t\t\t<div class=\"elementor-element elementor-element-865e9df elementor-widget elementor-widget-text-editor\" data-id=\"865e9df\" data-element_type=\"widget\" data-widget_type=\"text-editor.default\">\n\t\t\t\t<div class=\"elementor-widget-container\">\n\t\t\t\t\t\t\t<ul>\n \t<li>Fortell arbeidsgiver om deg selv og hvorfor du er rett person for jobben.<\/li>\n \t<li>V\u00e6r kort og poengtert. Legg mest vekt p\u00e5 hvorfor du s\u00f8ker jobben, hvorfor du b\u00f8r ansettes og hva du kan tilf\u00f8re virksomheten.<\/li>\n \t<li>F\u00e5 frem dine sterke sider.<\/li>\n \t<li>Skriv en ny s\u00f8knad til hver jobb du s\u00f8ker. Du kan godt bruke de samme formuleringene, men s\u00f8knaden m\u00e5 tilpasses hver nye stilling du s\u00f8ker p\u00e5.<\/li>\n \t<li>S\u00f8knaden skal v\u00e6re ryddig i form og innhold.<\/li>\n \t<li>Skriv enkelt og naturlig, unng\u00e5 selvf\u00f8lgeligheter og for mye detaljert informasjon.<\/li>\n \t<li>Faktainformasjon om studiepoeng og kurskoder h\u00f8rer hjemme i CVen.<\/li>\n \t<li>Legg vekt p\u00e5 hva du kan, ikke p\u00e5 hva du mangler av kvalifikasjoner.<\/li>\n \t<li>Les korrektur og sjekk at virksomheten og navnet p\u00e5 kontaktpersonen er skrevet riktig. Skrivefeil gir et d\u00e5rlig inntrykk.<\/li>\n \t<li>S\u00f8knaden b\u00f8r ikke v\u00e6re lengre enn en side.<\/li>\n \t<li>F\u00e5 noen andre til \u00e5 lese gjennom s\u00f8knaden f\u00f8r du sender den. De kan oppdage feil du har oversett.<\/li>\n<br>\n<strong>S\u00e5 er det bare \u00e5 sette i gang!<\/strong>\n<\/ul>\t\t\t\t\t\t<\/div>\n\t\t\t\t<\/div>\n\t\t\t\t<div class=\"elementor-element elementor-element-d8b6803 elementor-position-left elementor-vertical-align-bottom elementor-view-default elementor-mobile-position-top elementor-widget elementor-widget-icon-box\" data-id=\"d8b6803\" data-element_type=\"widget\" data-widget_type=\"icon-box.default\">\n\t\t\t\t<div class=\"elementor-widget-container\">\n\t\t\t\t\t<div class=\"elementor-icon-box-wrapper\">\n\t\t\t\t\t\t<div class=\"elementor-icon-box-icon\">\n\t\t\t\t<a class=\"elementor-icon elementor-animation-\" href=\"#settigang\">\n\t\t\t\t<i aria-hidden=\"true\" class=\"jki jki-communication-light\"><\/i>\t\t\t\t<\/a>\n\t\t\t<\/div>\n\t\t\t\t\t\t<div class=\"elementor-icon-box-content\">\n\t\t\t\t<h3 class=\"elementor-icon-box-title\">\n\t\t\t\t\t<a href=\"#settigang\" >\n\t\t\t\t\t\tTrykk for \u00e5 lese mer\t\t\t\t\t<\/a>\n\t\t\t\t<\/h3>\n\t\t\t\t\t\t\t<\/div>\n\t\t<\/div>\n\t\t\t\t<\/div>\n\t\t\t\t<\/div>\n\t\t\t\t\t<\/div>\n\t\t<\/div>\n\t\t\t\t\t\t\t<\/div>\n\t\t<\/section>\n\t\t\t\t<section class=\"elementor-section elementor-top-section elementor-element elementor-element-bef0e42 elementor-section-full_width elementor-section-height-default elementor-section-height-default\" data-id=\"bef0e42\" data-element_type=\"section\">\n\t\t\t\t\t\t<div class=\"elementor-container elementor-column-gap-no\">\n\t\t\t\t\t<div class=\"elementor-column elementor-col-50 elementor-top-column elementor-element elementor-element-d3aad1c\" data-id=\"d3aad1c\" data-element_type=\"column\">\n\t\t\t<div class=\"elementor-widget-wrap elementor-element-populated\">\n\t\t\t\t\t\t\t\t<div class=\"elementor-element elementor-element-bc5a39a elementor-widget elementor-widget-image\" data-id=\"bc5a39a\" data-element_type=\"widget\" data-widget_type=\"image.default\">\n\t\t\t\t<div class=\"elementor-widget-container\">\n\t\t\t\t\t\t\t\t\t\t\t\t\t\t\t<img decoding=\"async\" loading=\"lazy\" width=\"1024\" height=\"683\" src=\"\/wp-content\/uploads\/2019\/02\/Kopi-av-Kopi-av-Safejob_12-1024x683.jpg\" class=\"attachment-large size-large wp-image-131\" alt=\"\" srcset=\"\/wp-content\/uploads\/2019\/02\/Kopi-av-Kopi-av-Safejob_12-1024x683.jpg 1024w, \/wp-content\/uploads\/2019\/02\/Kopi-av-Kopi-av-Safejob_12-300x200.jpg 300w, \/wp-content\/uploads\/2019\/02\/Kopi-av-Kopi-av-Safejob_12-768x512.jpg 768w, \/wp-content\/uploads\/2019\/02\/Kopi-av-Kopi-av-Safejob_12-1536x1024.jpg 1536w, \/wp-content\/uploads\/2019\/02\/Kopi-av-Kopi-av-Safejob_12-2048x1365.jpg 2048w\" sizes=\"(max-width: 1024px) 100vw, 1024px\" \/>\t\t\t\t\t\t\t\t\t\t\t\t\t\t\t<\/div>\n\t\t\t\t<\/div>\n\t\t\t\t\t<\/div>\n\t\t<\/div>\n\t\t\t\t<div class=\"elementor-column elementor-col-50 elementor-top-column elementor-element elementor-element-3b7838a\" data-id=\"3b7838a\" data-element_type=\"column\">\n\t\t\t<div class=\"elementor-widget-wrap elementor-element-populated\">\n\t\t\t\t\t\t\t\t<div class=\"elementor-element elementor-element-3fcd3d7 elementor-widget elementor-widget-image\" data-id=\"3fcd3d7\" data-element_type=\"widget\" data-widget_type=\"image.default\">\n\t\t\t\t<div class=\"elementor-widget-container\">\n\t\t\t\t\t\t\t\t\t\t\t\t\t\t\t<img decoding=\"async\" loading=\"lazy\" width=\"1024\" height=\"683\" src=\"\/wp-content\/uploads\/2019\/02\/28-1024x683.jpg\" class=\"attachment-large size-large wp-image-108\" alt=\"\" srcset=\"\/wp-content\/uploads\/2019\/02\/28-1024x683.jpg 1024w, \/wp-content\/uploads\/2019\/02\/28-300x200.jpg 300w, \/wp-content\/uploads\/2019\/02\/28-768x512.jpg 768w, \/wp-content\/uploads\/2019\/02\/28-1536x1024.jpg 1536w, \/wp-content\/uploads\/2019\/02\/28-2048x1365.jpg 2048w\" sizes=\"(max-width: 1024px) 100vw, 1024px\" \/>\t\t\t\t\t\t\t\t\t\t\t\t\t\t\t<\/div>\n\t\t\t\t<\/div>\n\t\t\t\t\t<\/div>\n\t\t<\/div>\n\t\t\t\t\t\t\t<\/div>\n\t\t<\/section>\n\t\t\t\t<section class=\"elementor-section elementor-top-section elementor-element elementor-element-3cd387b elementor-section-boxed elementor-section-height-default elementor-section-height-default\" data-id=\"3cd387b\" data-element_type=\"section\">\n\t\t\t\t\t\t<div class=\"elementor-container elementor-column-gap-default\">\n\t\t\t\t\t<div class=\"elementor-column elementor-col-100 elementor-top-column elementor-element elementor-element-c49d5e4\" data-id=\"c49d5e4\" data-element_type=\"column\">\n\t\t\t<div class=\"elementor-widget-wrap elementor-element-populated\">\n\t\t\t\t\t\t\t\t<div class=\"elementor-element elementor-element-e3abc73 elementor-widget elementor-widget-heading\" data-id=\"e3abc73\" data-element_type=\"widget\" id=\"settigang\" data-widget_type=\"heading.default\">\n\t\t\t\t<div class=\"elementor-widget-container\">\n\t\t\t<h2 class=\"elementor-heading-title elementor-size-default\">S\u00e5 er det bare \u00e5 sette i gang<\/h2>\t\t<\/div>\n\t\t\t\t<\/div>\n\t\t\t\t<div class=\"elementor-element elementor-element-a536095 elementor-widget elementor-widget-text-editor\" data-id=\"a536095\" data-element_type=\"widget\" data-widget_type=\"text-editor.default\">\n\t\t\t\t<div class=\"elementor-widget-container\">\n\t\t\t\t\t\t\t<p>Det viktigste er \u00e5 fortelle hvorfor du vil ha akkurat denne jobben, og hvorfor du mener du er rett person.<\/p>\t\t\t\t\t\t<\/div>\n\t\t\t\t<\/div>\n\t\t\t\t<div class=\"elementor-element elementor-element-c77cb09 elementor-widget elementor-widget-text-editor\" data-id=\"c77cb09\" data-element_type=\"widget\" data-widget_type=\"text-editor.default\">\n\t\t\t\t<div class=\"elementor-widget-container\">\n\t\t\t\t\t\t\t<li>Hvorfor bakgrunnen din har stor verdi og betydning for arbeidsgiver.<\/li>\n \t<li>Hvordan kvalifikasjonene og erfaringen din oppfyller kravene arbeidsgiver stiller.<\/li>\n \t<li>Hva du har utrettet s\u00e5 langt og hvordan dette er relevant for jobben.<\/li>\n \t<li>Hvilke erfaringer og egenskaper du har som er relevante for jobben.<\/li>\n<\/ul>\n<\/li>\n<\/ul>\t\t\t\t\t\t<\/div>\n\t\t\t\t<\/div>\n\t\t\t\t<div class=\"elementor-element elementor-element-c4c96f2 elementor-widget elementor-widget-heading\" data-id=\"c4c96f2\" data-element_type=\"widget\" data-widget_type=\"heading.default\">\n\t\t\t\t<div class=\"elementor-widget-container\">\n\t\t\t<h2 class=\"elementor-heading-title elementor-size-default\">Avslutningen skal v\u00e6re kort<\/h2>\t\t<\/div>\n\t\t\t\t<\/div>\n\t\t\t\t<div class=\"elementor-element elementor-element-3aa2149 elementor-widget elementor-widget-text-editor\" data-id=\"3aa2149\" data-element_type=\"widget\" data-widget_type=\"text-editor.default\">\n\t\t\t\t<div class=\"elementor-widget-container\">\n\t\t\t\t\t\t\t<li>Husk \u00e5 opplyse om at du kan gi mer informasjon p\u00e5 telefon eller p\u00e5 et intervju.<\/li>\n<\/ul>\n<\/li>\n<\/ul>\t\t\t\t\t\t<\/div>\n\t\t\t\t<\/div>\n\t\t\t\t<div class=\"elementor-element elementor-element-96f9cba elementor-widget elementor-widget-heading\" data-id=\"96f9cba\" data-element_type=\"widget\" data-widget_type=\"heading.default\">\n\t\t\t\t<div class=\"elementor-widget-container\">\n\t\t\t<h2 class=\"elementor-heading-title elementor-size-default\">Skal du legge ved bilde?<\/h2>\t\t<\/div>\n\t\t\t\t<\/div>\n\t\t\t\t<div class=\"elementor-element elementor-element-4101764 elementor-widget elementor-widget-text-editor\" data-id=\"4101764\" data-element_type=\"widget\" data-widget_type=\"text-editor.default\">\n\t\t\t\t<div class=\"elementor-widget-container\">\n\t\t\t\t\t\t\t<li>Husk at bilde blir en viktig del av f\u00f8rsteinntrykket. Hvis du legger ved bilde s\u00e5 bruk et presentabelt og n\u00f8ytralt portrettfoto.\n<\/li>\n\t\t\t\t\t\t<\/div>\n\t\t\t\t<\/div>\n\t\t\t\t<div class=\"elementor-element elementor-element-e0058fd elementor-widget elementor-widget-heading\" data-id=\"e0058fd\" data-element_type=\"widget\" data-widget_type=\"heading.default\">\n\t\t\t\t<div class=\"elementor-widget-container\">\n\t\t\t<h2 class=\"elementor-heading-title elementor-size-default\">F\u00f8r du sender s\u00f8knaden og CVen<\/h2>\t\t<\/div>\n\t\t\t\t<\/div>\n\t\t\t\t<div class=\"elementor-element elementor-element-b332435 elementor-widget elementor-widget-text-editor\" data-id=\"b332435\" data-element_type=\"widget\" data-widget_type=\"text-editor.default\">\n\t\t\t\t<div class=\"elementor-widget-container\">\n\t\t\t\t\t\t\t<li>Les gjennom s\u00f8knaden din. Virker den overbevisende?<\/li>\n \t<li>Er CVen oversiktlig og fullstendig?<\/li>\n \t<li>Har du merket s\u00f8knaden med riktig referansenummer, hvis det er oppgitt et referansenummer i annonsen?<\/li>\n \t<li>Har du lagt ved attesterte kopier av vitnem\u00e5l og attester, dersom arbeidsgiver har bedt om det?<\/li>\n \t<li>S\u00f8rg for at konvolutten er merket slik det st\u00e5r i annonsen, dersom s\u00f8knaden skal sendes i posten.<\/li>\n<\/ul>\n<\/li>\n<\/ul>\t\t\t\t\t\t<\/div>\n\t\t\t\t<\/div>\n\t\t\t\t<div class=\"elementor-element elementor-element-5a4d083 elementor-widget elementor-widget-alert\" data-id=\"5a4d083\" data-element_type=\"widget\" data-widget_type=\"alert.default\">\n\t\t\t\t<div class=\"elementor-widget-container\">\n\t\t\t\t\t<div class=\"elementor-alert elementor-alert-success\" role=\"alert\">\n\t\t\t<span class=\"elementor-alert-title\">Tips!<\/span>\n\t\t\t\t\t\t\t<span class=\"elementor-alert-description\">Bilde er en viktig del av f\u00f8rsteinntrykket - Legg ved et n\u00f8ytralt bilde av deg selv.<\/span>\n\t\t\t\t\t\t\t\t<\/div>\n\t\t\t\t<\/div>\n\t\t\t\t<\/div>\n\t\t\t\t<div class=\"elementor-element elementor-element-c6730b6 elementor-widget elementor-widget-heading\" data-id=\"c6730b6\" data-element_type=\"widget\" data-widget_type=\"heading.default\">\n\t\t\t\t<div class=\"elementor-widget-container\">\n\t\t\t<h2 class=\"elementor-heading-title elementor-size-default\">N\u00e5r s\u00f8knaden og CVen er sendt<\/h2>\t\t<\/div>\n\t\t\t\t<\/div>\n\t\t\t\t<div class=\"elementor-element elementor-element-a6d648a elementor-widget elementor-widget-text-editor\" data-id=\"a6d648a\" data-element_type=\"widget\" data-widget_type=\"text-editor.default\">\n\t\t\t\t<div class=\"elementor-widget-container\">\n\t\t\t\t\t\t\t<li>Pass p\u00e5 \u00e5 v\u00e6re tilgjengelig p\u00e5 telefon.<\/li>\n \t<li>Sjekk e-posten din ofte.<\/li>\n \t<li>Arbeidsgivere sender som regel en bekreftelse p\u00e5 at de har mottatt s\u00f8knaden. Dersom du ikke har h\u00f8rt noe innen to-tre uker etter s\u00f8knadsfristen, kan du kontakte arbeidsgiver for \u00e5 h\u00f8re hvor langt de har kommet i ansettelsesprosessen.<\/li>\n<\/ul>\n<\/li>\n<\/ul>\t\t\t\t\t\t<\/div>\n\t\t\t\t<\/div>\n\t\t\t\t<div class=\"elementor-element elementor-element-ddfad75 elementor-widget elementor-widget-heading\" data-id=\"ddfad75\" data-element_type=\"widget\" data-widget_type=\"heading.default\">\n\t\t\t\t<div class=\"elementor-widget-container\">\n\t\t\t<h2 class=\"elementor-heading-title elementor-size-default\">\u00c5pen s\u00f8knad<\/h2>\t\t<\/div>\n\t\t\t\t<\/div>\n\t\t\t\t<div class=\"elementor-element elementor-element-70e7526 elementor-widget elementor-widget-text-editor\" data-id=\"70e7526\" data-element_type=\"widget\" data-widget_type=\"text-editor.default\">\n\t\t\t\t<div class=\"elementor-widget-container\">\n\t\t\t\t\t\t\t<p>Du kan sende en jobbs\u00f8knad selv om arbeidsgiver ikke har lyst ut noen ledig jobb. Dette kalles en \u00e5pen s\u00f8knad. Det er flere grunner til at det kan v\u00e6re lurt \u00e5 sende en \u00e5pen s\u00f8knad.<\/p>\t\t\t\t\t\t<\/div>\n\t\t\t\t<\/div>\n\t\t\t\t<div class=\"elementor-element elementor-element-166bf17 elementor-widget elementor-widget-text-editor\" data-id=\"166bf17\" data-element_type=\"widget\" data-widget_type=\"text-editor.default\">\n\t\t\t\t<div class=\"elementor-widget-container\">\n\t\t\t\t\t\t\t<li>Arbeidsgiver kan ha behov for folk, men har ikke hatt tid til eller \u00f8nske om \u00e5 lyse ut stillingen.<\/li>\n \t<li>Hvis du ikke f\u00e5r jobb der og da, beholder kanskje arbeidsgiver s\u00f8knaden din til senere. Mange bedrifter lagrer slike \u00e5pne s\u00f8knader.<\/li>\n \t<li>Kanskje tipser arbeidsgiveren andre arbeidsgivere om deg.<\/li>\n<\/ul>\t\t\t\t\t\t<\/div>\n\t\t\t\t<\/div>\n\t\t\t\t<div class=\"elementor-element elementor-element-12e2313 elementor-align-left elementor-mobile-align-justify elementor-invisible elementor-widget elementor-widget-button\" data-id=\"12e2313\" data-element_type=\"widget\" data-settings=\"{&quot;_animation&quot;:&quot;fadeInUp&quot;,&quot;_animation_delay&quot;:150}\" data-widget_type=\"button.default\">\n\t\t\t\t<div class=\"elementor-widget-container\">\n\t\t\t\t\t<div class=\"elementor-button-wrapper\">\n\t\t\t<a class=\"elementor-button elementor-button-link elementor-size-md elementor-animation-hang\" href=\"https:\/\/www.recman.no\/hrm\/safejob\/register.php\" target=\"_blank\" rel=\"noreferrer\">\n\t\t\t\t\t\t<span class=\"elementor-button-content-wrapper\">\n\t\t\t\t\t\t<span class=\"elementor-button-icon elementor-align-icon-right\">\n\t\t\t\t<i aria-hidden=\"true\" class=\"icon icon-right-arrow\"><\/i>\t\t\t<\/span>\n\t\t\t\t\t\t<span class=\"elementor-button-text\">Send oss din CV<\/span>\n\t\t<\/span>\n\t\t\t\t\t<\/a>\n\t\t<\/div>\n\t\t\t\t<\/div>\n\t\t\t\t<\/div>\n\t\t\t\t\t<\/div>\n\t\t<\/div>\n\t\t\t\t\t\t\t<\/div>\n\t\t<\/section>\n\t\t\t\t<section class=\"elementor-section elementor-top-section elementor-element elementor-element-f338fc9 elementor-section-full_width elementor-section-height-default elementor-section-height-default\" data-id=\"f338fc9\" data-element_type=\"section\">\n\t\t\t\t\t\t<div class=\"elementor-container elementor-column-gap-no\">\n\t\t\t\t\t<div class=\"elementor-column elementor-col-50 elementor-top-column elementor-element elementor-element-5df10b7\" data-id=\"5df10b7\" data-element_type=\"column\">\n\t\t\t<div class=\"elementor-widget-wrap elementor-element-populated\">\n\t\t\t\t\t\t\t\t<div class=\"elementor-element elementor-element-5efa17e elementor-widget elementor-widget-image\" data-id=\"5efa17e\" data-element_type=\"widget\" data-widget_type=\"image.default\">\n\t\t\t\t<div class=\"elementor-widget-container\">\n\t\t\t\t\t\t\t\t\t\t\t\t\t\t\t<img decoding=\"async\" src=\"https:\/\/safejob.no\/wp-content\/uploads\/2019\/02\/Safejob_02-scaled.jpg\" title=\"\" alt=\"\" loading=\"lazy\" \/>\t\t\t\t\t\t\t\t\t\t\t\t\t\t\t<\/div>\n\t\t\t\t<\/div>\n\t\t\t\t\t<\/div>\n\t\t<\/div>\n\t\t\t\t<div class=\"elementor-column elementor-col-50 elementor-top-column elementor-element elementor-element-30a3786\" data-id=\"30a3786\" data-element_type=\"column\">\n\t\t\t<div class=\"elementor-widget-wrap elementor-element-populated\">\n\t\t\t\t\t\t\t\t<div class=\"elementor-element elementor-element-47c48c5 elementor-widget elementor-widget-image\" data-id=\"47c48c5\" data-element_type=\"widget\" data-widget_type=\"image.default\">\n\t\t\t\t<div class=\"elementor-widget-container\">\n\t\t\t\t\t\t\t\t\t\t\t\t\t\t\t<img decoding=\"async\" loading=\"lazy\" width=\"1024\" height=\"683\" src=\"\/wp-content\/uploads\/2019\/02\/Kopi-av-Kopi-av-Safejob_23-1024x683.jpg\" class=\"attachment-large size-large wp-image-136\" alt=\"\" srcset=\"\/wp-content\/uploads\/2019\/02\/Kopi-av-Kopi-av-Safejob_23-1024x683.jpg 1024w, \/wp-content\/uploads\/2019\/02\/Kopi-av-Kopi-av-Safejob_23-300x200.jpg 300w, \/wp-content\/uploads\/2019\/02\/Kopi-av-Kopi-av-Safejob_23-768x512.jpg 768w, \/wp-content\/uploads\/2019\/02\/Kopi-av-Kopi-av-Safejob_23-1536x1024.jpg 1536w, \/wp-content\/uploads\/2019\/02\/Kopi-av-Kopi-av-Safejob_23-2048x1365.jpg 2048w\" sizes=\"(max-width: 1024px) 100vw, 1024px\" \/>\t\t\t\t\t\t\t\t\t\t\t\t\t\t\t<\/div>\n\t\t\t\t<\/div>\n\t\t\t\t\t<\/div>\n\t\t<\/div>\n\t\t\t\t\t\t\t<\/div>\n\t\t<\/section>\n\t\t\t\t\t\t\t<\/div>","protected":false},"excerpt":{"rendered":"<p>Hjem \/ Tips til s\u00f8knad Tips til s\u00f8knad Det l\u00f8nner seg \u00e5 bruke tid p\u00e5 \u00e5 lage en god s\u00f8knad. M\u00e5let med jobbs\u00f8knaden er \u00e5 bli innkalt til intervju. Jobbs\u00f8knaden er f\u00f8rsteinntrykket arbeidsgiveren f\u00e5r av deg, og arbeidsgiveren skal f\u00e5 lyst til \u00e5 m\u00f8te akkurat deg. Tips! Du kan sende en jobbs\u00f8knad selv om arbeidsgiver &hellip;<\/p>\n<p class=\"read-more\"> <a class=\"\" href=\"https:\/\/www.safejob.no\/en\/tips-til-soknad\/\"> <span class=\"screen-reader-text\">Tips til s\u00f8knad<\/span> Read More &raquo;<\/a><\/p>","protected":false},"author":11,"featured_media":0,"parent":0,"menu_order":0,"comment_status":"closed","ping_status":"closed","template":"","meta":{"site-sidebar-layout":"no-sidebar","site-content-layout":"page-builder","ast-site-content-layout":"","site-content-style":"default","site-sidebar-style":"default","ast-global-header-display":"","ast-banner-title-visibility":"","ast-main-header-display":"","ast-hfb-above-header-display":"","ast-hfb-below-header-display":"","ast-hfb-mobile-header-display":"","site-post-title":"disabled","ast-breadcrumbs-content":"","ast-featured-img":"disabled","footer-sml-layout":"","theme-transparent-header-meta":"default","adv-header-id-meta":"","stick-header-meta":"","header-above-stick-meta":"","header-main-stick-meta":"","header-below-stick-meta":"","astra-migrate-meta-layouts":"","footnotes":""},"_links":{"self":[{"href":"https:\/\/www.safejob.no\/en\/wp-json\/wp\/v2\/pages\/308"}],"collection":[{"href":"https:\/\/www.safejob.no\/en\/wp-json\/wp\/v2\/pages"}],"about":[{"href":"https:\/\/www.safejob.no\/en\/wp-json\/wp\/v2\/types\/page"}],"author":[{"embeddable":true,"href":"https:\/\/www.safejob.no\/en\/wp-json\/wp\/v2\/users\/11"}],"replies":[{"embeddable":true,"href":"https:\/\/www.safejob.no\/en\/wp-json\/wp\/v2\/comments?post=308"}],"version-history":[{"count":0,"href":"https:\/\/www.safejob.no\/en\/wp-json\/wp\/v2\/pages\/308\/revisions"}],"wp:attachment":[{"href":"https:\/\/www.safejob.no\/en\/wp-json\/wp\/v2\/media?parent=308"}],"curies":[{"name":"wp","href":"https:\/\/api.w.org\/{rel}","templated":true}]}}